{"id":85,"date":"2024-04-09T12:07:34","date_gmt":"2024-04-09T12:07:34","guid":{"rendered":"http:\/\/aeroexpress.co\/?page_id=85"},"modified":"2024-10-02T08:40:17","modified_gmt":"2024-10-02T08:40:17","slug":"pradinio-puslapio-skiltis","status":"publish","type":"page","link":"https:\/\/aeroexpress.co\/index.php\/pradinio-puslapio-skiltis\/","title":{"rendered":"Pradinio puslapio skiltis"},"content":{"rendered":"\n<p>Tai pradinio puslapio skilties pavydzys. \u0160ios skiltys gali b\u016bti bet kuris tinklalapio puslapis, taip pat ir puslapis rodantis J\u016bs\u0173 naujausius \u012fra\u0161us (i\u0161skyrus pat\u012f pradin\u012f puslap\u012f).<\/p>\n","protected":false},"excerpt":{"rendered":"<p>Tai pradinio puslapio skilties pavydzys. \u0160ios skiltys gali b\u016bti bet kuris tinklalapio puslapis, taip pat ir puslapis rodantis J\u016bs\u0173 naujausius \u012fra\u0161us (i\u0161skyrus pat\u012f pradin\u012f puslap\u012f).<\/p>\n","protected":false},"author":1,"featured_media":241,"parent":0,"menu_order":0,"comment_status":"closed","ping_status":"closed","template":"","meta":{"footnotes":""},"_links":{"self":[{"href":"https:\/\/aeroexpress.co\/index.php\/wp-json\/wp\/v2\/pages\/85"}],"collection":[{"href":"https:\/\/aeroexpress.co\/index.php\/wp-json\/wp\/v2\/pages"}],"about":[{"href":"https:\/\/aeroexpress.co\/index.php\/wp-json\/wp\/v2\/types\/page"}],"author":[{"embeddable":true,"href":"https:\/\/aeroexpress.co\/index.php\/wp-json\/wp\/v2\/users\/1"}],"replies":[{"embeddable":true,"href":"https:\/\/aeroexpress.co\/index.php\/wp-json\/wp\/v2\/comments?post=85"}],"version-history":[{"count":1,"href":"https:\/\/aeroexpress.co\/index.php\/wp-json\/wp\/v2\/pages\/85\/revisions"}],"predecessor-version":[{"id":91,"href":"https:\/\/aeroexpress.co\/index.php\/wp-json\/wp\/v2\/pages\/85\/revisions\/91"}],"wp:featuredmedia":[{"embeddable":true,"href":"https:\/\/aeroexpress.co\/index.php\/wp-json\/wp\/v2\/media\/241"}],"wp:attachment":[{"href":"https:\/\/aeroexpress.co\/index.php\/wp-json\/wp\/v2\/media?parent=85"}],"curies":[{"name":"wp","href":"https:\/\/api.w.org\/{rel}","templated":true}]}}